{"id":706,"date":"2025-05-07T10:21:56","date_gmt":"2025-05-07T10:21:56","guid":{"rendered":"https:\/\/sultanwearshop.com\/producto\/camiseta-casual-unisex-estilo-urbano\/"},"modified":"2025-06-13T02:01:04","modified_gmt":"2025-06-13T02:01:04","slug":"camiseta-casual-unisex-estilo-urbano","status":"publish","type":"product","link":"https:\/\/sultanwearshop.com\/fr\/producto\/camiseta-casual-unisex-estilo-urbano\/","title":{"rendered":"Camiseta Casual Unisex Estilo Urbano"},"content":{"rendered":"","protected":false},"excerpt":{"rendered":"<p>Camiseta de algod\u00f3n unisex para hombres y mujeres, ideal para uso diario.<\/p>\n","protected":false},"featured_media":400,"comment_status":"open","ping_status":"closed","template":"","meta":{"_acf_changed":false,"iawp_total_views":0},"marca":[62,63],"product_brand":[],"product_cat":[154,155],"product_tag":[162,170,166],"class_list":{"0":"post-706","1":"product","2":"type-product","3":"status-publish","4":"has-post-thumbnail","6":"marca-ecofashion","7":"marca-trendwear","8":"product_cat-hombre-fr","9":"product_cat-mujeres-fr","10":"product_tag-algodon-fr","11":"product_tag-casual-fr","12":"product_tag-unisex-fr","14":"first","15":"instock","16":"sale","17":"shipping-taxable","18":"purchasable","19":"product-type-simple"},"acf":[],"yoast_head":"<!-- This site is optimized with the Yoast SEO plugin v27.4 - https:\/\/yoast.com\/product\/yoast-seo-wordpress\/ -->\n<title>Camiseta Unisex Casual - TiendaShop<\/title>\n<meta name=\"description\" content=\"Compra la Camiseta Casual Unisex de Estilo Urbano por 163,75 \u20ac. Perfecta para uso diario. \u00a1Env\u00edo gratis y 100 d\u00edas de devoluci\u00f3n!\" \/>\n<meta name=\"robots\" content=\"index, follow, max-snippet:-1, max-image-preview:large, max-video-preview:-1\" \/>\n<link rel=\"canonical\" href=\"https:\/\/sultanwearshop.com\/fr\/producto\/camiseta-casual-unisex-estilo-urbano\/\" \/>\n<meta property=\"og:locale\" content=\"fr_FR\" \/>\n<meta property=\"og:type\" content=\"article\" \/>\n<meta property=\"og:title\" content=\"Camiseta Unisex Casual - TiendaShop\" \/>\n<meta property=\"og:description\" content=\"Compra la Camiseta Casual Unisex de Estilo Urbano por 163,75 \u20ac. Perfecta para uso diario. \u00a1Env\u00edo gratis y 100 d\u00edas de devoluci\u00f3n!\" \/>\n<meta property=\"og:url\" content=\"https:\/\/sultanwearshop.com\/fr\/producto\/camiseta-casual-unisex-estilo-urbano\/\" \/>\n<meta property=\"og:site_name\" content=\"TiendaShop\" \/>\n<meta property=\"article:modified_time\" content=\"2025-06-13T02:01:04+00:00\" \/>\n<meta property=\"og:image\" content=\"https:\/\/sultanwearshop.com\/wp-content\/uploads\/2025\/05\/Leonardo_Vision_XL_Crear_una_imagen_que_muestre_una_camiseta_u_0.jpg\" \/>\n\t<meta property=\"og:image:width\" content=\"1792\" \/>\n\t<meta property=\"og:image:height\" content=\"1456\" \/>\n\t<meta property=\"og:image:type\" content=\"image\/jpeg\" \/>\n<meta name=\"twitter:card\" content=\"summary_large_image\" \/>\n<!-- \/ Yoast SEO plugin. -->","yoast_head_json":{"title":"Camiseta Unisex Casual - TiendaShop","description":"Compra la Camiseta Casual Unisex de Estilo Urbano por 163,75 \u20ac. Perfecta para uso diario. \u00a1Env\u00edo gratis y 100 d\u00edas de devoluci\u00f3n!","robots":{"index":"index","follow":"follow","max-snippet":"max-snippet:-1","max-image-preview":"max-image-preview:large","max-video-preview":"max-video-preview:-1"},"canonical":"https:\/\/sultanwearshop.com\/fr\/producto\/camiseta-casual-unisex-estilo-urbano\/","og_locale":"fr_FR","og_type":"article","og_title":"Camiseta Unisex Casual - TiendaShop","og_description":"Compra la Camiseta Casual Unisex de Estilo Urbano por 163,75 \u20ac. Perfecta para uso diario. \u00a1Env\u00edo gratis y 100 d\u00edas de devoluci\u00f3n!","og_url":"https:\/\/sultanwearshop.com\/fr\/producto\/camiseta-casual-unisex-estilo-urbano\/","og_site_name":"TiendaShop","article_modified_time":"2025-06-13T02:01:04+00:00","og_image":[{"width":1792,"height":1456,"url":"https:\/\/sultanwearshop.com\/wp-content\/uploads\/2025\/05\/Leonardo_Vision_XL_Crear_una_imagen_que_muestre_una_camiseta_u_0.jpg","type":"image\/jpeg"}],"twitter_card":"summary_large_image","schema":{"@context":"https:\/\/schema.org","@graph":[{"@type":"WebPage","@id":"https:\/\/sultanwearshop.com\/fr\/producto\/camiseta-casual-unisex-estilo-urbano\/","url":"https:\/\/sultanwearshop.com\/fr\/producto\/camiseta-casual-unisex-estilo-urbano\/","name":"Camiseta Unisex Casual - TiendaShop","isPartOf":{"@id":"https:\/\/sultanwearshop.com\/fr\/#website"},"primaryImageOfPage":{"@id":"https:\/\/sultanwearshop.com\/fr\/producto\/camiseta-casual-unisex-estilo-urbano\/#primaryimage"},"image":{"@id":"https:\/\/sultanwearshop.com\/fr\/producto\/camiseta-casual-unisex-estilo-urbano\/#primaryimage"},"thumbnailUrl":"https:\/\/sultanwearshop.com\/wp-content\/uploads\/2025\/05\/Leonardo_Vision_XL_Crear_una_imagen_que_muestre_una_camiseta_u_0.jpg","datePublished":"2025-05-07T10:21:56+00:00","dateModified":"2025-06-13T02:01:04+00:00","description":"Compra la Camiseta Casual Unisex de Estilo Urbano por 163,75 \u20ac. Perfecta para uso diario. \u00a1Env\u00edo gratis y 100 d\u00edas de devoluci\u00f3n!","breadcrumb":{"@id":"https:\/\/sultanwearshop.com\/fr\/producto\/camiseta-casual-unisex-estilo-urbano\/#breadcrumb"},"inLanguage":"fr-FR","potentialAction":[{"@type":"ReadAction","target":["https:\/\/sultanwearshop.com\/fr\/producto\/camiseta-casual-unisex-estilo-urbano\/"]}]},{"@type":"ImageObject","inLanguage":"fr-FR","@id":"https:\/\/sultanwearshop.com\/fr\/producto\/camiseta-casual-unisex-estilo-urbano\/#primaryimage","url":"https:\/\/sultanwearshop.com\/wp-content\/uploads\/2025\/05\/Leonardo_Vision_XL_Crear_una_imagen_que_muestre_una_camiseta_u_0.jpg","contentUrl":"https:\/\/sultanwearshop.com\/wp-content\/uploads\/2025\/05\/Leonardo_Vision_XL_Crear_una_imagen_que_muestre_una_camiseta_u_0.jpg","width":1792,"height":1456},{"@type":"BreadcrumbList","@id":"https:\/\/sultanwearshop.com\/fr\/producto\/camiseta-casual-unisex-estilo-urbano\/#breadcrumb","itemListElement":[{"@type":"ListItem","position":1,"name":"Portada","item":"https:\/\/sultanwearshop.com\/fr\/home\/"},{"@type":"ListItem","position":2,"name":"Tienda","item":"https:\/\/sultanwearshop.com\/fr\/tienda\/"},{"@type":"ListItem","position":3,"name":"Camiseta Casual Unisex Estilo Urbano"}]},{"@type":"WebSite","@id":"https:\/\/sultanwearshop.com\/fr\/#website","url":"https:\/\/sultanwearshop.com\/fr\/","name":"TiendaShop","description":"","potentialAction":[{"@type":"SearchAction","target":{"@type":"EntryPoint","urlTemplate":"https:\/\/sultanwearshop.com\/fr\/?s={search_term_string}"},"query-input":{"@type":"PropertyValueSpecification","valueRequired":true,"valueName":"search_term_string"}}],"inLanguage":"fr-FR"}]}},"_links":{"self":[{"href":"https:\/\/sultanwearshop.com\/fr\/wp-json\/wp\/v2\/product\/706","targetHints":{"allow":["GET"]}}],"collection":[{"href":"https:\/\/sultanwearshop.com\/fr\/wp-json\/wp\/v2\/product"}],"about":[{"href":"https:\/\/sultanwearshop.com\/fr\/wp-json\/wp\/v2\/types\/product"}],"replies":[{"embeddable":true,"href":"https:\/\/sultanwearshop.com\/fr\/wp-json\/wp\/v2\/comments?post=706"}],"wp:featuredmedia":[{"embeddable":true,"href":"https:\/\/sultanwearshop.com\/fr\/wp-json\/wp\/v2\/media\/400"}],"wp:attachment":[{"href":"https:\/\/sultanwearshop.com\/fr\/wp-json\/wp\/v2\/media?parent=706"}],"wp:term":[{"taxonomy":"marca","embeddable":true,"href":"https:\/\/sultanwearshop.com\/fr\/wp-json\/wp\/v2\/marca?post=706"},{"taxonomy":"product_brand","embeddable":true,"href":"https:\/\/sultanwearshop.com\/fr\/wp-json\/wp\/v2\/product_brand?post=706"},{"taxonomy":"product_cat","embeddable":true,"href":"https:\/\/sultanwearshop.com\/fr\/wp-json\/wp\/v2\/product_cat?post=706"},{"taxonomy":"product_tag","embeddable":true,"href":"https:\/\/sultanwearshop.com\/fr\/wp-json\/wp\/v2\/product_tag?post=706"}],"curies":[{"name":"wp","href":"https:\/\/api.w.org\/{rel}","templated":true}]}}