{"id":702,"date":"2025-05-07T10:25:49","date_gmt":"2025-05-07T10:25:49","guid":{"rendered":"https:\/\/sultanwearshop.com\/producto\/cazadora-de-cuero-unisex-tendencia-moderna\/"},"modified":"2025-06-13T01:53:37","modified_gmt":"2025-06-13T01:53:37","slug":"cazadora-de-cuero-unisex-tendencia-moderna","status":"publish","type":"product","link":"https:\/\/sultanwearshop.com\/fr\/producto\/cazadora-de-cuero-unisex-tendencia-moderna\/","title":{"rendered":"Cazadora de cuero unisex tendencia moderna"},"content":{"rendered":"","protected":false},"excerpt":{"rendered":"<p>Cazadora elegante, unisex y moderna para cualquier ocasi\u00f3n.<\/p>\n","protected":false},"featured_media":452,"comment_status":"open","ping_status":"closed","template":"","meta":{"_acf_changed":false,"iawp_total_views":0},"marca":[77,78],"product_brand":[],"product_cat":[154,155],"product_tag":[181,182,183],"class_list":{"0":"post-702","1":"product","2":"type-product","3":"status-publish","4":"has-post-thumbnail","6":"marca-tiendashop","7":"marca-urbantrends","8":"product_cat-hombre-fr","9":"product_cat-mujeres-fr","10":"product_tag-moda2023-fr","11":"product_tag-ropaunisex-fr","12":"product_tag-tendencias-fr","14":"first","15":"instock","16":"sale","17":"shipping-taxable","18":"purchasable","19":"product-type-simple"},"acf":[],"yoast_head":"<!-- This site is optimized with the Yoast SEO plugin v27.4 - https:\/\/yoast.com\/product\/yoast-seo-wordpress\/ -->\n<title>Cazadora de Cuero Unisex - TiendaShop<\/title>\n<meta name=\"description\" content=\"Compra la cazadora de cuero unisex m\u00e1s moderna y elegante en TiendaShop. Ahora a mitad de precio con env\u00edo gratis y 100 d\u00edas de devoluci\u00f3n.\" \/>\n<meta name=\"robots\" content=\"index, follow, max-snippet:-1, max-image-preview:large, max-video-preview:-1\" \/>\n<link rel=\"canonical\" href=\"https:\/\/sultanwearshop.com\/fr\/producto\/cazadora-de-cuero-unisex-tendencia-moderna\/\" \/>\n<meta property=\"og:locale\" content=\"fr_FR\" \/>\n<meta property=\"og:type\" content=\"article\" \/>\n<meta property=\"og:title\" content=\"Cazadora de Cuero Unisex - TiendaShop\" \/>\n<meta property=\"og:description\" content=\"Compra la cazadora de cuero unisex m\u00e1s moderna y elegante en TiendaShop. Ahora a mitad de precio con env\u00edo gratis y 100 d\u00edas de devoluci\u00f3n.\" \/>\n<meta property=\"og:url\" content=\"https:\/\/sultanwearshop.com\/fr\/producto\/cazadora-de-cuero-unisex-tendencia-moderna\/\" \/>\n<meta property=\"og:site_name\" content=\"TiendaShop\" \/>\n<meta property=\"article:modified_time\" content=\"2025-06-13T01:53:37+00:00\" \/>\n<meta property=\"og:image\" content=\"https:\/\/sultanwearshop.com\/wp-content\/uploads\/2025\/05\/Leonardo_Vision_XL_Una_imagen_minimalista_que_muestre_una_caza_0.jpg\" \/>\n\t<meta property=\"og:image:width\" content=\"1792\" \/>\n\t<meta property=\"og:image:height\" content=\"1456\" \/>\n\t<meta property=\"og:image:type\" content=\"image\/jpeg\" \/>\n<meta name=\"twitter:card\" content=\"summary_large_image\" \/>\n<!-- \/ Yoast SEO plugin. -->","yoast_head_json":{"title":"Cazadora de Cuero Unisex - TiendaShop","description":"Compra la cazadora de cuero unisex m\u00e1s moderna y elegante en TiendaShop. Ahora a mitad de precio con env\u00edo gratis y 100 d\u00edas de devoluci\u00f3n.","robots":{"index":"index","follow":"follow","max-snippet":"max-snippet:-1","max-image-preview":"max-image-preview:large","max-video-preview":"max-video-preview:-1"},"canonical":"https:\/\/sultanwearshop.com\/fr\/producto\/cazadora-de-cuero-unisex-tendencia-moderna\/","og_locale":"fr_FR","og_type":"article","og_title":"Cazadora de Cuero Unisex - TiendaShop","og_description":"Compra la cazadora de cuero unisex m\u00e1s moderna y elegante en TiendaShop. Ahora a mitad de precio con env\u00edo gratis y 100 d\u00edas de devoluci\u00f3n.","og_url":"https:\/\/sultanwearshop.com\/fr\/producto\/cazadora-de-cuero-unisex-tendencia-moderna\/","og_site_name":"TiendaShop","article_modified_time":"2025-06-13T01:53:37+00:00","og_image":[{"width":1792,"height":1456,"url":"https:\/\/sultanwearshop.com\/wp-content\/uploads\/2025\/05\/Leonardo_Vision_XL_Una_imagen_minimalista_que_muestre_una_caza_0.jpg","type":"image\/jpeg"}],"twitter_card":"summary_large_image","schema":{"@context":"https:\/\/schema.org","@graph":[{"@type":"WebPage","@id":"https:\/\/sultanwearshop.com\/fr\/producto\/cazadora-de-cuero-unisex-tendencia-moderna\/","url":"https:\/\/sultanwearshop.com\/fr\/producto\/cazadora-de-cuero-unisex-tendencia-moderna\/","name":"Cazadora de Cuero Unisex - TiendaShop","isPartOf":{"@id":"https:\/\/sultanwearshop.com\/fr\/#website"},"primaryImageOfPage":{"@id":"https:\/\/sultanwearshop.com\/fr\/producto\/cazadora-de-cuero-unisex-tendencia-moderna\/#primaryimage"},"image":{"@id":"https:\/\/sultanwearshop.com\/fr\/producto\/cazadora-de-cuero-unisex-tendencia-moderna\/#primaryimage"},"thumbnailUrl":"https:\/\/sultanwearshop.com\/wp-content\/uploads\/2025\/05\/Leonardo_Vision_XL_Una_imagen_minimalista_que_muestre_una_caza_0.jpg","datePublished":"2025-05-07T10:25:49+00:00","dateModified":"2025-06-13T01:53:37+00:00","description":"Compra la cazadora de cuero unisex m\u00e1s moderna y elegante en TiendaShop. Ahora a mitad de precio con env\u00edo gratis y 100 d\u00edas de devoluci\u00f3n.","breadcrumb":{"@id":"https:\/\/sultanwearshop.com\/fr\/producto\/cazadora-de-cuero-unisex-tendencia-moderna\/#breadcrumb"},"inLanguage":"fr-FR","potentialAction":[{"@type":"ReadAction","target":["https:\/\/sultanwearshop.com\/fr\/producto\/cazadora-de-cuero-unisex-tendencia-moderna\/"]}]},{"@type":"ImageObject","inLanguage":"fr-FR","@id":"https:\/\/sultanwearshop.com\/fr\/producto\/cazadora-de-cuero-unisex-tendencia-moderna\/#primaryimage","url":"https:\/\/sultanwearshop.com\/wp-content\/uploads\/2025\/05\/Leonardo_Vision_XL_Una_imagen_minimalista_que_muestre_una_caza_0.jpg","contentUrl":"https:\/\/sultanwearshop.com\/wp-content\/uploads\/2025\/05\/Leonardo_Vision_XL_Una_imagen_minimalista_que_muestre_una_caza_0.jpg","width":1792,"height":1456},{"@type":"BreadcrumbList","@id":"https:\/\/sultanwearshop.com\/fr\/producto\/cazadora-de-cuero-unisex-tendencia-moderna\/#breadcrumb","itemListElement":[{"@type":"ListItem","position":1,"name":"Portada","item":"https:\/\/sultanwearshop.com\/fr\/home\/"},{"@type":"ListItem","position":2,"name":"Tienda","item":"https:\/\/sultanwearshop.com\/fr\/tienda\/"},{"@type":"ListItem","position":3,"name":"Cazadora de cuero unisex tendencia moderna"}]},{"@type":"WebSite","@id":"https:\/\/sultanwearshop.com\/fr\/#website","url":"https:\/\/sultanwearshop.com\/fr\/","name":"TiendaShop","description":"","potentialAction":[{"@type":"SearchAction","target":{"@type":"EntryPoint","urlTemplate":"https:\/\/sultanwearshop.com\/fr\/?s={search_term_string}"},"query-input":{"@type":"PropertyValueSpecification","valueRequired":true,"valueName":"search_term_string"}}],"inLanguage":"fr-FR"}]}},"_links":{"self":[{"href":"https:\/\/sultanwearshop.com\/fr\/wp-json\/wp\/v2\/product\/702","targetHints":{"allow":["GET"]}}],"collection":[{"href":"https:\/\/sultanwearshop.com\/fr\/wp-json\/wp\/v2\/product"}],"about":[{"href":"https:\/\/sultanwearshop.com\/fr\/wp-json\/wp\/v2\/types\/product"}],"replies":[{"embeddable":true,"href":"https:\/\/sultanwearshop.com\/fr\/wp-json\/wp\/v2\/comments?post=702"}],"wp:featuredmedia":[{"embeddable":true,"href":"https:\/\/sultanwearshop.com\/fr\/wp-json\/wp\/v2\/media\/452"}],"wp:attachment":[{"href":"https:\/\/sultanwearshop.com\/fr\/wp-json\/wp\/v2\/media?parent=702"}],"wp:term":[{"taxonomy":"marca","embeddable":true,"href":"https:\/\/sultanwearshop.com\/fr\/wp-json\/wp\/v2\/marca?post=702"},{"taxonomy":"product_brand","embeddable":true,"href":"https:\/\/sultanwearshop.com\/fr\/wp-json\/wp\/v2\/product_brand?post=702"},{"taxonomy":"product_cat","embeddable":true,"href":"https:\/\/sultanwearshop.com\/fr\/wp-json\/wp\/v2\/product_cat?post=702"},{"taxonomy":"product_tag","embeddable":true,"href":"https:\/\/sultanwearshop.com\/fr\/wp-json\/wp\/v2\/product_tag?post=702"}],"curies":[{"name":"wp","href":"https:\/\/api.w.org\/{rel}","templated":true}]}}