{"id":696,"date":"2025-05-07T10:30:51","date_gmt":"2025-05-07T10:30:51","guid":{"rendered":"https:\/\/sultanwearshop.com\/producto\/camiseta-casual-unisex-de-algodon\/"},"modified":"2025-06-13T01:53:59","modified_gmt":"2025-06-13T01:53:59","slug":"camiseta-casual-unisex-de-algodon","status":"publish","type":"product","link":"https:\/\/sultanwearshop.com\/fr\/producto\/camiseta-casual-unisex-de-algodon\/","title":{"rendered":"Camiseta Casual Unisex de Algod\u00f3n"},"content":{"rendered":"","protected":false},"excerpt":{"rendered":"<p>Camiseta unisex vers\u00e1til, perfecta para cualquier ocasi\u00f3n.<\/p>\n","protected":false},"featured_media":530,"comment_status":"open","ping_status":"closed","template":"","meta":{"_acf_changed":false,"iawp_total_views":0},"marca":[90,82],"product_brand":[],"product_cat":[154,155],"product_tag":[162,176,166],"class_list":{"0":"post-696","1":"product","2":"type-product","3":"status-publish","4":"has-post-thumbnail","6":"marca-comfywear","7":"marca-fashionfit","8":"product_cat-hombre-fr","9":"product_cat-mujeres-fr","10":"product_tag-algodon-fr","11":"product_tag-camiseta-fr","12":"product_tag-unisex-fr","14":"first","15":"instock","16":"sale","17":"shipping-taxable","18":"purchasable","19":"product-type-simple"},"acf":[],"yoast_head":"<!-- This site is optimized with the Yoast SEO plugin v27.4 - https:\/\/yoast.com\/product\/yoast-seo-wordpress\/ -->\n<title>Camiseta Unisex de Algod\u00f3n en Oferta - TiendaShop<\/title>\n<meta name=\"description\" content=\"Descubre la versatilidad con la camiseta casual unisex de algod\u00f3n. Ahora a 144,00 \u20ac. Env\u00edo gratis y devoluci\u00f3n en 100 d\u00edas. Ideal para cualquier ocasi\u00f3n.\" \/>\n<meta name=\"robots\" content=\"index, follow, max-snippet:-1, max-image-preview:large, max-video-preview:-1\" \/>\n<link rel=\"canonical\" href=\"https:\/\/sultanwearshop.com\/fr\/producto\/camiseta-casual-unisex-de-algodon\/\" \/>\n<meta property=\"og:locale\" content=\"fr_FR\" \/>\n<meta property=\"og:type\" content=\"article\" \/>\n<meta property=\"og:title\" content=\"Camiseta Unisex de Algod\u00f3n en Oferta - TiendaShop\" \/>\n<meta property=\"og:description\" content=\"Descubre la versatilidad con la camiseta casual unisex de algod\u00f3n. Ahora a 144,00 \u20ac. Env\u00edo gratis y devoluci\u00f3n en 100 d\u00edas. Ideal para cualquier ocasi\u00f3n.\" \/>\n<meta property=\"og:url\" content=\"https:\/\/sultanwearshop.com\/fr\/producto\/camiseta-casual-unisex-de-algodon\/\" \/>\n<meta property=\"og:site_name\" content=\"TiendaShop\" \/>\n<meta property=\"article:modified_time\" content=\"2025-06-13T01:53:59+00:00\" \/>\n<meta property=\"og:image\" content=\"https:\/\/sultanwearshop.com\/wp-content\/uploads\/2025\/05\/Leonardo_Vision_XL_Diseo_de_camiseta_casual_unisex_de_algodn_s_0.jpg\" \/>\n\t<meta property=\"og:image:width\" content=\"1792\" \/>\n\t<meta property=\"og:image:height\" content=\"1456\" \/>\n\t<meta property=\"og:image:type\" content=\"image\/jpeg\" \/>\n<meta name=\"twitter:card\" content=\"summary_large_image\" \/>\n<!-- \/ Yoast SEO plugin. -->","yoast_head_json":{"title":"Camiseta Unisex de Algod\u00f3n en Oferta - TiendaShop","description":"Descubre la versatilidad con la camiseta casual unisex de algod\u00f3n. Ahora a 144,00 \u20ac. Env\u00edo gratis y devoluci\u00f3n en 100 d\u00edas. Ideal para cualquier ocasi\u00f3n.","robots":{"index":"index","follow":"follow","max-snippet":"max-snippet:-1","max-image-preview":"max-image-preview:large","max-video-preview":"max-video-preview:-1"},"canonical":"https:\/\/sultanwearshop.com\/fr\/producto\/camiseta-casual-unisex-de-algodon\/","og_locale":"fr_FR","og_type":"article","og_title":"Camiseta Unisex de Algod\u00f3n en Oferta - TiendaShop","og_description":"Descubre la versatilidad con la camiseta casual unisex de algod\u00f3n. Ahora a 144,00 \u20ac. Env\u00edo gratis y devoluci\u00f3n en 100 d\u00edas. Ideal para cualquier ocasi\u00f3n.","og_url":"https:\/\/sultanwearshop.com\/fr\/producto\/camiseta-casual-unisex-de-algodon\/","og_site_name":"TiendaShop","article_modified_time":"2025-06-13T01:53:59+00:00","og_image":[{"width":1792,"height":1456,"url":"https:\/\/sultanwearshop.com\/wp-content\/uploads\/2025\/05\/Leonardo_Vision_XL_Diseo_de_camiseta_casual_unisex_de_algodn_s_0.jpg","type":"image\/jpeg"}],"twitter_card":"summary_large_image","schema":{"@context":"https:\/\/schema.org","@graph":[{"@type":"WebPage","@id":"https:\/\/sultanwearshop.com\/fr\/producto\/camiseta-casual-unisex-de-algodon\/","url":"https:\/\/sultanwearshop.com\/fr\/producto\/camiseta-casual-unisex-de-algodon\/","name":"Camiseta Unisex de Algod\u00f3n en Oferta - TiendaShop","isPartOf":{"@id":"https:\/\/sultanwearshop.com\/fr\/#website"},"primaryImageOfPage":{"@id":"https:\/\/sultanwearshop.com\/fr\/producto\/camiseta-casual-unisex-de-algodon\/#primaryimage"},"image":{"@id":"https:\/\/sultanwearshop.com\/fr\/producto\/camiseta-casual-unisex-de-algodon\/#primaryimage"},"thumbnailUrl":"https:\/\/sultanwearshop.com\/wp-content\/uploads\/2025\/05\/Leonardo_Vision_XL_Diseo_de_camiseta_casual_unisex_de_algodn_s_0.jpg","datePublished":"2025-05-07T10:30:51+00:00","dateModified":"2025-06-13T01:53:59+00:00","description":"Descubre la versatilidad con la camiseta casual unisex de algod\u00f3n. Ahora a 144,00 \u20ac. Env\u00edo gratis y devoluci\u00f3n en 100 d\u00edas. Ideal para cualquier ocasi\u00f3n.","breadcrumb":{"@id":"https:\/\/sultanwearshop.com\/fr\/producto\/camiseta-casual-unisex-de-algodon\/#breadcrumb"},"inLanguage":"fr-FR","potentialAction":[{"@type":"ReadAction","target":["https:\/\/sultanwearshop.com\/fr\/producto\/camiseta-casual-unisex-de-algodon\/"]}]},{"@type":"ImageObject","inLanguage":"fr-FR","@id":"https:\/\/sultanwearshop.com\/fr\/producto\/camiseta-casual-unisex-de-algodon\/#primaryimage","url":"https:\/\/sultanwearshop.com\/wp-content\/uploads\/2025\/05\/Leonardo_Vision_XL_Diseo_de_camiseta_casual_unisex_de_algodn_s_0.jpg","contentUrl":"https:\/\/sultanwearshop.com\/wp-content\/uploads\/2025\/05\/Leonardo_Vision_XL_Diseo_de_camiseta_casual_unisex_de_algodn_s_0.jpg","width":1792,"height":1456},{"@type":"BreadcrumbList","@id":"https:\/\/sultanwearshop.com\/fr\/producto\/camiseta-casual-unisex-de-algodon\/#breadcrumb","itemListElement":[{"@type":"ListItem","position":1,"name":"Portada","item":"https:\/\/sultanwearshop.com\/fr\/home\/"},{"@type":"ListItem","position":2,"name":"Tienda","item":"https:\/\/sultanwearshop.com\/fr\/tienda\/"},{"@type":"ListItem","position":3,"name":"Camiseta Casual Unisex de Algod\u00f3n"}]},{"@type":"WebSite","@id":"https:\/\/sultanwearshop.com\/fr\/#website","url":"https:\/\/sultanwearshop.com\/fr\/","name":"TiendaShop","description":"","potentialAction":[{"@type":"SearchAction","target":{"@type":"EntryPoint","urlTemplate":"https:\/\/sultanwearshop.com\/fr\/?s={search_term_string}"},"query-input":{"@type":"PropertyValueSpecification","valueRequired":true,"valueName":"search_term_string"}}],"inLanguage":"fr-FR"}]}},"_links":{"self":[{"href":"https:\/\/sultanwearshop.com\/fr\/wp-json\/wp\/v2\/product\/696","targetHints":{"allow":["GET"]}}],"collection":[{"href":"https:\/\/sultanwearshop.com\/fr\/wp-json\/wp\/v2\/product"}],"about":[{"href":"https:\/\/sultanwearshop.com\/fr\/wp-json\/wp\/v2\/types\/product"}],"replies":[{"embeddable":true,"href":"https:\/\/sultanwearshop.com\/fr\/wp-json\/wp\/v2\/comments?post=696"}],"wp:featuredmedia":[{"embeddable":true,"href":"https:\/\/sultanwearshop.com\/fr\/wp-json\/wp\/v2\/media\/530"}],"wp:attachment":[{"href":"https:\/\/sultanwearshop.com\/fr\/wp-json\/wp\/v2\/media?parent=696"}],"wp:term":[{"taxonomy":"marca","embeddable":true,"href":"https:\/\/sultanwearshop.com\/fr\/wp-json\/wp\/v2\/marca?post=696"},{"taxonomy":"product_brand","embeddable":true,"href":"https:\/\/sultanwearshop.com\/fr\/wp-json\/wp\/v2\/product_brand?post=696"},{"taxonomy":"product_cat","embeddable":true,"href":"https:\/\/sultanwearshop.com\/fr\/wp-json\/wp\/v2\/product_cat?post=696"},{"taxonomy":"product_tag","embeddable":true,"href":"https:\/\/sultanwearshop.com\/fr\/wp-json\/wp\/v2\/product_tag?post=696"}],"curies":[{"name":"wp","href":"https:\/\/api.w.org\/{rel}","templated":true}]}}