{"id":692,"date":"2025-05-07T10:34:21","date_gmt":"2025-05-07T10:34:21","guid":{"rendered":"https:\/\/sultanwearshop.com\/producto\/camiseta-deportiva-unisex-liviana\/"},"modified":"2025-06-13T01:53:43","modified_gmt":"2025-06-13T01:53:43","slug":"camiseta-deportiva-unisex-liviana","status":"publish","type":"product","link":"https:\/\/sultanwearshop.com\/fr\/producto\/camiseta-deportiva-unisex-liviana\/","title":{"rendered":"Camiseta Deportiva Unisex Liviana"},"content":{"rendered":"","protected":false},"excerpt":{"rendered":"<p>Camiseta transpirable y ligera para deportes.<\/p>\n","protected":false},"featured_media":582,"comment_status":"open","ping_status":"closed","template":"","meta":{"_acf_changed":false,"iawp_total_views":0},"marca":[100,101],"product_brand":[],"product_cat":[154,155],"product_tag":[168,169,166],"class_list":{"0":"post-692","1":"product","2":"type-product","3":"status-publish","4":"has-post-thumbnail","6":"marca-deportivax","7":"marca-fitwear","8":"product_cat-hombre-fr","9":"product_cat-mujeres-fr","10":"product_tag-deportiva-fr","11":"product_tag-ligera-fr","12":"product_tag-unisex-fr","14":"first","15":"instock","16":"sale","17":"shipping-taxable","18":"purchasable","19":"product-type-simple"},"acf":[],"yoast_head":"<!-- This site is optimized with the Yoast SEO plugin v27.4 - https:\/\/yoast.com\/product\/yoast-seo-wordpress\/ -->\n<title>Camiseta Deportiva Unisex Liviana - TiendaShop<\/title>\n<meta name=\"description\" content=\"Compra la camiseta deportiva unisex liviana en TiendaShop. Transpirable, ligera y perfecta para cualquier deporte. Ahora en oferta a 208,50 \u20ac con env\u00edo gratis y derecho a devoluci\u00f3n por 100 d\u00edas.\" \/>\n<meta name=\"robots\" content=\"index, follow, max-snippet:-1, max-image-preview:large, max-video-preview:-1\" \/>\n<link rel=\"canonical\" href=\"https:\/\/sultanwearshop.com\/fr\/producto\/camiseta-deportiva-unisex-liviana\/\" \/>\n<meta property=\"og:locale\" content=\"fr_FR\" \/>\n<meta property=\"og:type\" content=\"article\" \/>\n<meta property=\"og:title\" content=\"Camiseta Deportiva Unisex Liviana - TiendaShop\" \/>\n<meta property=\"og:description\" content=\"Compra la camiseta deportiva unisex liviana en TiendaShop. Transpirable, ligera y perfecta para cualquier deporte. Ahora en oferta a 208,50 \u20ac con env\u00edo gratis y derecho a devoluci\u00f3n por 100 d\u00edas.\" \/>\n<meta property=\"og:url\" content=\"https:\/\/sultanwearshop.com\/fr\/producto\/camiseta-deportiva-unisex-liviana\/\" \/>\n<meta property=\"og:site_name\" content=\"TiendaShop\" \/>\n<meta property=\"article:modified_time\" content=\"2025-06-13T01:53:43+00:00\" \/>\n<meta property=\"og:image\" content=\"https:\/\/sultanwearshop.com\/wp-content\/uploads\/2025\/05\/Leonardo_Vision_XL_Disea_una_imagen_de_una_camiseta_deportiva_0.jpg\" \/>\n\t<meta property=\"og:image:width\" content=\"1792\" \/>\n\t<meta property=\"og:image:height\" content=\"1456\" \/>\n\t<meta property=\"og:image:type\" content=\"image\/jpeg\" \/>\n<meta name=\"twitter:card\" content=\"summary_large_image\" \/>\n<!-- \/ Yoast SEO plugin. -->","yoast_head_json":{"title":"Camiseta Deportiva Unisex Liviana - TiendaShop","description":"Compra la camiseta deportiva unisex liviana en TiendaShop. Transpirable, ligera y perfecta para cualquier deporte. Ahora en oferta a 208,50 \u20ac con env\u00edo gratis y derecho a devoluci\u00f3n por 100 d\u00edas.","robots":{"index":"index","follow":"follow","max-snippet":"max-snippet:-1","max-image-preview":"max-image-preview:large","max-video-preview":"max-video-preview:-1"},"canonical":"https:\/\/sultanwearshop.com\/fr\/producto\/camiseta-deportiva-unisex-liviana\/","og_locale":"fr_FR","og_type":"article","og_title":"Camiseta Deportiva Unisex Liviana - TiendaShop","og_description":"Compra la camiseta deportiva unisex liviana en TiendaShop. Transpirable, ligera y perfecta para cualquier deporte. Ahora en oferta a 208,50 \u20ac con env\u00edo gratis y derecho a devoluci\u00f3n por 100 d\u00edas.","og_url":"https:\/\/sultanwearshop.com\/fr\/producto\/camiseta-deportiva-unisex-liviana\/","og_site_name":"TiendaShop","article_modified_time":"2025-06-13T01:53:43+00:00","og_image":[{"width":1792,"height":1456,"url":"https:\/\/sultanwearshop.com\/wp-content\/uploads\/2025\/05\/Leonardo_Vision_XL_Disea_una_imagen_de_una_camiseta_deportiva_0.jpg","type":"image\/jpeg"}],"twitter_card":"summary_large_image","schema":{"@context":"https:\/\/schema.org","@graph":[{"@type":"WebPage","@id":"https:\/\/sultanwearshop.com\/fr\/producto\/camiseta-deportiva-unisex-liviana\/","url":"https:\/\/sultanwearshop.com\/fr\/producto\/camiseta-deportiva-unisex-liviana\/","name":"Camiseta Deportiva Unisex Liviana - TiendaShop","isPartOf":{"@id":"https:\/\/sultanwearshop.com\/fr\/#website"},"primaryImageOfPage":{"@id":"https:\/\/sultanwearshop.com\/fr\/producto\/camiseta-deportiva-unisex-liviana\/#primaryimage"},"image":{"@id":"https:\/\/sultanwearshop.com\/fr\/producto\/camiseta-deportiva-unisex-liviana\/#primaryimage"},"thumbnailUrl":"https:\/\/sultanwearshop.com\/wp-content\/uploads\/2025\/05\/Leonardo_Vision_XL_Disea_una_imagen_de_una_camiseta_deportiva_0.jpg","datePublished":"2025-05-07T10:34:21+00:00","dateModified":"2025-06-13T01:53:43+00:00","description":"Compra la camiseta deportiva unisex liviana en TiendaShop. Transpirable, ligera y perfecta para cualquier deporte. Ahora en oferta a 208,50 \u20ac con env\u00edo gratis y derecho a devoluci\u00f3n por 100 d\u00edas.","breadcrumb":{"@id":"https:\/\/sultanwearshop.com\/fr\/producto\/camiseta-deportiva-unisex-liviana\/#breadcrumb"},"inLanguage":"fr-FR","potentialAction":[{"@type":"ReadAction","target":["https:\/\/sultanwearshop.com\/fr\/producto\/camiseta-deportiva-unisex-liviana\/"]}]},{"@type":"ImageObject","inLanguage":"fr-FR","@id":"https:\/\/sultanwearshop.com\/fr\/producto\/camiseta-deportiva-unisex-liviana\/#primaryimage","url":"https:\/\/sultanwearshop.com\/wp-content\/uploads\/2025\/05\/Leonardo_Vision_XL_Disea_una_imagen_de_una_camiseta_deportiva_0.jpg","contentUrl":"https:\/\/sultanwearshop.com\/wp-content\/uploads\/2025\/05\/Leonardo_Vision_XL_Disea_una_imagen_de_una_camiseta_deportiva_0.jpg","width":1792,"height":1456},{"@type":"BreadcrumbList","@id":"https:\/\/sultanwearshop.com\/fr\/producto\/camiseta-deportiva-unisex-liviana\/#breadcrumb","itemListElement":[{"@type":"ListItem","position":1,"name":"Portada","item":"https:\/\/sultanwearshop.com\/fr\/home\/"},{"@type":"ListItem","position":2,"name":"Tienda","item":"https:\/\/sultanwearshop.com\/fr\/tienda\/"},{"@type":"ListItem","position":3,"name":"Camiseta Deportiva Unisex Liviana"}]},{"@type":"WebSite","@id":"https:\/\/sultanwearshop.com\/fr\/#website","url":"https:\/\/sultanwearshop.com\/fr\/","name":"TiendaShop","description":"","potentialAction":[{"@type":"SearchAction","target":{"@type":"EntryPoint","urlTemplate":"https:\/\/sultanwearshop.com\/fr\/?s={search_term_string}"},"query-input":{"@type":"PropertyValueSpecification","valueRequired":true,"valueName":"search_term_string"}}],"inLanguage":"fr-FR"}]}},"_links":{"self":[{"href":"https:\/\/sultanwearshop.com\/fr\/wp-json\/wp\/v2\/product\/692","targetHints":{"allow":["GET"]}}],"collection":[{"href":"https:\/\/sultanwearshop.com\/fr\/wp-json\/wp\/v2\/product"}],"about":[{"href":"https:\/\/sultanwearshop.com\/fr\/wp-json\/wp\/v2\/types\/product"}],"replies":[{"embeddable":true,"href":"https:\/\/sultanwearshop.com\/fr\/wp-json\/wp\/v2\/comments?post=692"}],"wp:featuredmedia":[{"embeddable":true,"href":"https:\/\/sultanwearshop.com\/fr\/wp-json\/wp\/v2\/media\/582"}],"wp:attachment":[{"href":"https:\/\/sultanwearshop.com\/fr\/wp-json\/wp\/v2\/media?parent=692"}],"wp:term":[{"taxonomy":"marca","embeddable":true,"href":"https:\/\/sultanwearshop.com\/fr\/wp-json\/wp\/v2\/marca?post=692"},{"taxonomy":"product_brand","embeddable":true,"href":"https:\/\/sultanwearshop.com\/fr\/wp-json\/wp\/v2\/product_brand?post=692"},{"taxonomy":"product_cat","embeddable":true,"href":"https:\/\/sultanwearshop.com\/fr\/wp-json\/wp\/v2\/product_cat?post=692"},{"taxonomy":"product_tag","embeddable":true,"href":"https:\/\/sultanwearshop.com\/fr\/wp-json\/wp\/v2\/product_tag?post=692"}],"curies":[{"name":"wp","href":"https:\/\/api.w.org\/{rel}","templated":true}]}}