{"id":677,"date":"2025-05-07T10:28:59","date_gmt":"2025-05-07T10:28:59","guid":{"rendered":"https:\/\/sultanwearshop.com\/producto\/camiseta-casual-para-mujeres-y-hombres\/"},"modified":"2025-06-13T01:53:37","modified_gmt":"2025-06-13T01:53:37","slug":"camiseta-casual-para-mujeres-y-hombres","status":"publish","type":"product","link":"https:\/\/sultanwearshop.com\/ca\/producto\/camiseta-casual-para-mujeres-y-hombres\/","title":{"rendered":"Camiseta Casual para Mujeres y Hombres"},"content":{"rendered":"","protected":false},"excerpt":{"rendered":"<p>Camiseta unisex, moderna y c\u00f3moda para cualquier d\u00eda.<\/p>\n","protected":false},"featured_media":504,"comment_status":"open","ping_status":"closed","template":"","meta":{"_acf_changed":false,"iawp_total_views":0},"marca":[77,63],"product_brand":[],"product_cat":[118,119],"product_tag":[134,131,136],"class_list":{"0":"post-677","1":"product","2":"type-product","3":"status-publish","4":"has-post-thumbnail","6":"marca-tiendashop","7":"marca-trendwear","8":"product_cat-hombre-ca","9":"product_cat-mujeres-ca","10":"product_tag-casual-ca","11":"product_tag-comodidad-ca","12":"product_tag-moda-unisex-ca","14":"first","15":"instock","16":"sale","17":"shipping-taxable","18":"purchasable","19":"product-type-simple"},"acf":[],"yoast_head":"<!-- This site is optimized with the Yoast SEO plugin v27.4 - https:\/\/yoast.com\/product\/yoast-seo-wordpress\/ -->\n<title>Camiseta Unisex Moderna - TiendaShop<\/title>\n<meta name=\"description\" content=\"Descubre nuestra Camiseta Casual para Mujeres y Hombres, ahora por 524,38 \u20ac. Dise\u00f1o unisex, c\u00f3modo y moderno. Env\u00edo gratis y derecho de devoluci\u00f3n de 100 d\u00edas.\" \/>\n<meta name=\"robots\" content=\"index, follow, max-snippet:-1, max-image-preview:large, max-video-preview:-1\" \/>\n<link rel=\"canonical\" href=\"https:\/\/sultanwearshop.com\/ca\/producto\/camiseta-casual-para-mujeres-y-hombres\/\" \/>\n<meta property=\"og:locale\" content=\"ca_ES\" \/>\n<meta property=\"og:type\" content=\"article\" \/>\n<meta property=\"og:title\" content=\"Camiseta Unisex Moderna - TiendaShop\" \/>\n<meta property=\"og:description\" content=\"Descubre nuestra Camiseta Casual para Mujeres y Hombres, ahora por 524,38 \u20ac. Dise\u00f1o unisex, c\u00f3modo y moderno. Env\u00edo gratis y derecho de devoluci\u00f3n de 100 d\u00edas.\" \/>\n<meta property=\"og:url\" content=\"https:\/\/sultanwearshop.com\/ca\/producto\/camiseta-casual-para-mujeres-y-hombres\/\" \/>\n<meta property=\"og:site_name\" content=\"TiendaShop\" \/>\n<meta property=\"article:modified_time\" content=\"2025-06-13T01:53:37+00:00\" \/>\n<meta property=\"og:image\" content=\"https:\/\/sultanwearshop.com\/wp-content\/uploads\/2025\/05\/Leonardo_Vision_XL_Camiseta_unisex_moderna_y_cmoda_exhibida_en_0.jpg\" \/>\n\t<meta property=\"og:image:width\" content=\"1792\" \/>\n\t<meta property=\"og:image:height\" content=\"1456\" \/>\n\t<meta property=\"og:image:type\" content=\"image\/jpeg\" \/>\n<meta name=\"twitter:card\" content=\"summary_large_image\" \/>\n<!-- \/ Yoast SEO plugin. -->","yoast_head_json":{"title":"Camiseta Unisex Moderna - TiendaShop","description":"Descubre nuestra Camiseta Casual para Mujeres y Hombres, ahora por 524,38 \u20ac. Dise\u00f1o unisex, c\u00f3modo y moderno. Env\u00edo gratis y derecho de devoluci\u00f3n de 100 d\u00edas.","robots":{"index":"index","follow":"follow","max-snippet":"max-snippet:-1","max-image-preview":"max-image-preview:large","max-video-preview":"max-video-preview:-1"},"canonical":"https:\/\/sultanwearshop.com\/ca\/producto\/camiseta-casual-para-mujeres-y-hombres\/","og_locale":"ca_ES","og_type":"article","og_title":"Camiseta Unisex Moderna - TiendaShop","og_description":"Descubre nuestra Camiseta Casual para Mujeres y Hombres, ahora por 524,38 \u20ac. Dise\u00f1o unisex, c\u00f3modo y moderno. Env\u00edo gratis y derecho de devoluci\u00f3n de 100 d\u00edas.","og_url":"https:\/\/sultanwearshop.com\/ca\/producto\/camiseta-casual-para-mujeres-y-hombres\/","og_site_name":"TiendaShop","article_modified_time":"2025-06-13T01:53:37+00:00","og_image":[{"width":1792,"height":1456,"url":"https:\/\/sultanwearshop.com\/wp-content\/uploads\/2025\/05\/Leonardo_Vision_XL_Camiseta_unisex_moderna_y_cmoda_exhibida_en_0.jpg","type":"image\/jpeg"}],"twitter_card":"summary_large_image","schema":{"@context":"https:\/\/schema.org","@graph":[{"@type":"WebPage","@id":"https:\/\/sultanwearshop.com\/ca\/producto\/camiseta-casual-para-mujeres-y-hombres\/","url":"https:\/\/sultanwearshop.com\/ca\/producto\/camiseta-casual-para-mujeres-y-hombres\/","name":"Camiseta Unisex Moderna - TiendaShop","isPartOf":{"@id":"https:\/\/sultanwearshop.com\/ca\/#website"},"primaryImageOfPage":{"@id":"https:\/\/sultanwearshop.com\/ca\/producto\/camiseta-casual-para-mujeres-y-hombres\/#primaryimage"},"image":{"@id":"https:\/\/sultanwearshop.com\/ca\/producto\/camiseta-casual-para-mujeres-y-hombres\/#primaryimage"},"thumbnailUrl":"https:\/\/sultanwearshop.com\/wp-content\/uploads\/2025\/05\/Leonardo_Vision_XL_Camiseta_unisex_moderna_y_cmoda_exhibida_en_0.jpg","datePublished":"2025-05-07T10:28:59+00:00","dateModified":"2025-06-13T01:53:37+00:00","description":"Descubre nuestra Camiseta Casual para Mujeres y Hombres, ahora por 524,38 \u20ac. Dise\u00f1o unisex, c\u00f3modo y moderno. Env\u00edo gratis y derecho de devoluci\u00f3n de 100 d\u00edas.","breadcrumb":{"@id":"https:\/\/sultanwearshop.com\/ca\/producto\/camiseta-casual-para-mujeres-y-hombres\/#breadcrumb"},"inLanguage":"ca","potentialAction":[{"@type":"ReadAction","target":["https:\/\/sultanwearshop.com\/ca\/producto\/camiseta-casual-para-mujeres-y-hombres\/"]}]},{"@type":"ImageObject","inLanguage":"ca","@id":"https:\/\/sultanwearshop.com\/ca\/producto\/camiseta-casual-para-mujeres-y-hombres\/#primaryimage","url":"https:\/\/sultanwearshop.com\/wp-content\/uploads\/2025\/05\/Leonardo_Vision_XL_Camiseta_unisex_moderna_y_cmoda_exhibida_en_0.jpg","contentUrl":"https:\/\/sultanwearshop.com\/wp-content\/uploads\/2025\/05\/Leonardo_Vision_XL_Camiseta_unisex_moderna_y_cmoda_exhibida_en_0.jpg","width":1792,"height":1456},{"@type":"BreadcrumbList","@id":"https:\/\/sultanwearshop.com\/ca\/producto\/camiseta-casual-para-mujeres-y-hombres\/#breadcrumb","itemListElement":[{"@type":"ListItem","position":1,"name":"Portada","item":"https:\/\/sultanwearshop.com\/ca\/home\/"},{"@type":"ListItem","position":2,"name":"Tienda","item":"https:\/\/sultanwearshop.com\/ca\/tienda\/"},{"@type":"ListItem","position":3,"name":"Camiseta Casual para Mujeres y Hombres"}]},{"@type":"WebSite","@id":"https:\/\/sultanwearshop.com\/ca\/#website","url":"https:\/\/sultanwearshop.com\/ca\/","name":"TiendaShop","description":"","potentialAction":[{"@type":"SearchAction","target":{"@type":"EntryPoint","urlTemplate":"https:\/\/sultanwearshop.com\/ca\/?s={search_term_string}"},"query-input":{"@type":"PropertyValueSpecification","valueRequired":true,"valueName":"search_term_string"}}],"inLanguage":"ca"}]}},"_links":{"self":[{"href":"https:\/\/sultanwearshop.com\/ca\/wp-json\/wp\/v2\/product\/677","targetHints":{"allow":["GET"]}}],"collection":[{"href":"https:\/\/sultanwearshop.com\/ca\/wp-json\/wp\/v2\/product"}],"about":[{"href":"https:\/\/sultanwearshop.com\/ca\/wp-json\/wp\/v2\/types\/product"}],"replies":[{"embeddable":true,"href":"https:\/\/sultanwearshop.com\/ca\/wp-json\/wp\/v2\/comments?post=677"}],"wp:featuredmedia":[{"embeddable":true,"href":"https:\/\/sultanwearshop.com\/ca\/wp-json\/wp\/v2\/media\/504"}],"wp:attachment":[{"href":"https:\/\/sultanwearshop.com\/ca\/wp-json\/wp\/v2\/media?parent=677"}],"wp:term":[{"taxonomy":"marca","embeddable":true,"href":"https:\/\/sultanwearshop.com\/ca\/wp-json\/wp\/v2\/marca?post=677"},{"taxonomy":"product_brand","embeddable":true,"href":"https:\/\/sultanwearshop.com\/ca\/wp-json\/wp\/v2\/product_brand?post=677"},{"taxonomy":"product_cat","embeddable":true,"href":"https:\/\/sultanwearshop.com\/ca\/wp-json\/wp\/v2\/product_cat?post=677"},{"taxonomy":"product_tag","embeddable":true,"href":"https:\/\/sultanwearshop.com\/ca\/wp-json\/wp\/v2\/product_tag?post=677"}],"curies":[{"name":"wp","href":"https:\/\/api.w.org\/{rel}","templated":true}]}}