{"id":668,"date":"2025-05-07T10:37:06","date_gmt":"2025-05-07T10:37:06","guid":{"rendered":"https:\/\/sultanwearshop.com\/producto\/camiseta-casual-para-mujeres-y-hombres-3\/"},"modified":"2025-06-13T01:40:36","modified_gmt":"2025-06-13T01:40:36","slug":"camiseta-casual-para-mujeres-y-hombres-3","status":"publish","type":"product","link":"https:\/\/sultanwearshop.com\/ca\/producto\/camiseta-casual-para-mujeres-y-hombres-3\/","title":{"rendered":"Camiseta Casual para Mujeres y Hombres"},"content":{"rendered":"","protected":false},"excerpt":{"rendered":"<p>Camiseta unisex de algod\u00f3n, c\u00f3moda y vers\u00e1til para toda ocasi\u00f3n.<\/p>\n","protected":false},"featured_media":621,"comment_status":"open","ping_status":"closed","template":"","meta":{"_acf_changed":false,"iawp_total_views":0},"marca":[99,108],"product_brand":[],"product_cat":[118,119],"product_tag":[126,127,122],"class_list":{"0":"post-668","1":"product","2":"type-product","3":"status-publish","4":"has-post-thumbnail","6":"marca-estiloplus","7":"marca-modaco","8":"product_cat-hombre-ca","9":"product_cat-mujeres-ca","10":"product_tag-algodon-ca","11":"product_tag-camiseta-unisex-ca","12":"product_tag-ropa-casual-ca","14":"first","15":"instock","16":"sale","17":"shipping-taxable","18":"purchasable","19":"product-type-simple"},"acf":[],"yoast_head":"<!-- This site is optimized with the Yoast SEO plugin v27.4 - https:\/\/yoast.com\/product\/yoast-seo-wordpress\/ -->\n<title>Camiseta Casual Unisex Algod\u00f3n - TiendaShop<\/title>\n<meta name=\"description\" content=\"Descubre nuestra camiseta unisex de algod\u00f3n, ideal para cualquier ocasi\u00f3n. Aprovecha el 12% de descuento y disfruta de env\u00edo gratis y 100 d\u00edas de devoluci\u00f3n en TiendaShop.\" \/>\n<meta name=\"robots\" content=\"index, follow, max-snippet:-1, max-image-preview:large, max-video-preview:-1\" \/>\n<link rel=\"canonical\" href=\"https:\/\/sultanwearshop.com\/ca\/producto\/camiseta-casual-para-mujeres-y-hombres-3\/\" \/>\n<meta property=\"og:locale\" content=\"ca_ES\" \/>\n<meta property=\"og:type\" content=\"article\" \/>\n<meta property=\"og:title\" content=\"Camiseta Casual Unisex Algod\u00f3n - TiendaShop\" \/>\n<meta property=\"og:description\" content=\"Descubre nuestra camiseta unisex de algod\u00f3n, ideal para cualquier ocasi\u00f3n. Aprovecha el 12% de descuento y disfruta de env\u00edo gratis y 100 d\u00edas de devoluci\u00f3n en TiendaShop.\" \/>\n<meta property=\"og:url\" content=\"https:\/\/sultanwearshop.com\/ca\/producto\/camiseta-casual-para-mujeres-y-hombres-3\/\" \/>\n<meta property=\"og:site_name\" content=\"TiendaShop\" \/>\n<meta property=\"article:modified_time\" content=\"2025-06-13T01:40:36+00:00\" \/>\n<meta property=\"og:image\" content=\"https:\/\/sultanwearshop.com\/wp-content\/uploads\/2025\/05\/Leonardo_Vision_XL_Fondo_claro_con_una_camiseta_de_algodn_unis_0.jpg\" \/>\n\t<meta property=\"og:image:width\" content=\"1792\" \/>\n\t<meta property=\"og:image:height\" content=\"1456\" \/>\n\t<meta property=\"og:image:type\" content=\"image\/jpeg\" \/>\n<meta name=\"twitter:card\" content=\"summary_large_image\" \/>\n<!-- \/ Yoast SEO plugin. -->","yoast_head_json":{"title":"Camiseta Casual Unisex Algod\u00f3n - TiendaShop","description":"Descubre nuestra camiseta unisex de algod\u00f3n, ideal para cualquier ocasi\u00f3n. Aprovecha el 12% de descuento y disfruta de env\u00edo gratis y 100 d\u00edas de devoluci\u00f3n en TiendaShop.","robots":{"index":"index","follow":"follow","max-snippet":"max-snippet:-1","max-image-preview":"max-image-preview:large","max-video-preview":"max-video-preview:-1"},"canonical":"https:\/\/sultanwearshop.com\/ca\/producto\/camiseta-casual-para-mujeres-y-hombres-3\/","og_locale":"ca_ES","og_type":"article","og_title":"Camiseta Casual Unisex Algod\u00f3n - TiendaShop","og_description":"Descubre nuestra camiseta unisex de algod\u00f3n, ideal para cualquier ocasi\u00f3n. Aprovecha el 12% de descuento y disfruta de env\u00edo gratis y 100 d\u00edas de devoluci\u00f3n en TiendaShop.","og_url":"https:\/\/sultanwearshop.com\/ca\/producto\/camiseta-casual-para-mujeres-y-hombres-3\/","og_site_name":"TiendaShop","article_modified_time":"2025-06-13T01:40:36+00:00","og_image":[{"width":1792,"height":1456,"url":"https:\/\/sultanwearshop.com\/wp-content\/uploads\/2025\/05\/Leonardo_Vision_XL_Fondo_claro_con_una_camiseta_de_algodn_unis_0.jpg","type":"image\/jpeg"}],"twitter_card":"summary_large_image","schema":{"@context":"https:\/\/schema.org","@graph":[{"@type":"WebPage","@id":"https:\/\/sultanwearshop.com\/ca\/producto\/camiseta-casual-para-mujeres-y-hombres-3\/","url":"https:\/\/sultanwearshop.com\/ca\/producto\/camiseta-casual-para-mujeres-y-hombres-3\/","name":"Camiseta Casual Unisex Algod\u00f3n - TiendaShop","isPartOf":{"@id":"https:\/\/sultanwearshop.com\/ca\/#website"},"primaryImageOfPage":{"@id":"https:\/\/sultanwearshop.com\/ca\/producto\/camiseta-casual-para-mujeres-y-hombres-3\/#primaryimage"},"image":{"@id":"https:\/\/sultanwearshop.com\/ca\/producto\/camiseta-casual-para-mujeres-y-hombres-3\/#primaryimage"},"thumbnailUrl":"https:\/\/sultanwearshop.com\/wp-content\/uploads\/2025\/05\/Leonardo_Vision_XL_Fondo_claro_con_una_camiseta_de_algodn_unis_0.jpg","datePublished":"2025-05-07T10:37:06+00:00","dateModified":"2025-06-13T01:40:36+00:00","description":"Descubre nuestra camiseta unisex de algod\u00f3n, ideal para cualquier ocasi\u00f3n. Aprovecha el 12% de descuento y disfruta de env\u00edo gratis y 100 d\u00edas de devoluci\u00f3n en TiendaShop.","breadcrumb":{"@id":"https:\/\/sultanwearshop.com\/ca\/producto\/camiseta-casual-para-mujeres-y-hombres-3\/#breadcrumb"},"inLanguage":"ca","potentialAction":[{"@type":"ReadAction","target":["https:\/\/sultanwearshop.com\/ca\/producto\/camiseta-casual-para-mujeres-y-hombres-3\/"]}]},{"@type":"ImageObject","inLanguage":"ca","@id":"https:\/\/sultanwearshop.com\/ca\/producto\/camiseta-casual-para-mujeres-y-hombres-3\/#primaryimage","url":"https:\/\/sultanwearshop.com\/wp-content\/uploads\/2025\/05\/Leonardo_Vision_XL_Fondo_claro_con_una_camiseta_de_algodn_unis_0.jpg","contentUrl":"https:\/\/sultanwearshop.com\/wp-content\/uploads\/2025\/05\/Leonardo_Vision_XL_Fondo_claro_con_una_camiseta_de_algodn_unis_0.jpg","width":1792,"height":1456},{"@type":"BreadcrumbList","@id":"https:\/\/sultanwearshop.com\/ca\/producto\/camiseta-casual-para-mujeres-y-hombres-3\/#breadcrumb","itemListElement":[{"@type":"ListItem","position":1,"name":"Portada","item":"https:\/\/sultanwearshop.com\/ca\/home\/"},{"@type":"ListItem","position":2,"name":"Tienda","item":"https:\/\/sultanwearshop.com\/ca\/tienda\/"},{"@type":"ListItem","position":3,"name":"Camiseta Casual para Mujeres y Hombres"}]},{"@type":"WebSite","@id":"https:\/\/sultanwearshop.com\/ca\/#website","url":"https:\/\/sultanwearshop.com\/ca\/","name":"TiendaShop","description":"","potentialAction":[{"@type":"SearchAction","target":{"@type":"EntryPoint","urlTemplate":"https:\/\/sultanwearshop.com\/ca\/?s={search_term_string}"},"query-input":{"@type":"PropertyValueSpecification","valueRequired":true,"valueName":"search_term_string"}}],"inLanguage":"ca"}]}},"_links":{"self":[{"href":"https:\/\/sultanwearshop.com\/ca\/wp-json\/wp\/v2\/product\/668","targetHints":{"allow":["GET"]}}],"collection":[{"href":"https:\/\/sultanwearshop.com\/ca\/wp-json\/wp\/v2\/product"}],"about":[{"href":"https:\/\/sultanwearshop.com\/ca\/wp-json\/wp\/v2\/types\/product"}],"replies":[{"embeddable":true,"href":"https:\/\/sultanwearshop.com\/ca\/wp-json\/wp\/v2\/comments?post=668"}],"wp:featuredmedia":[{"embeddable":true,"href":"https:\/\/sultanwearshop.com\/ca\/wp-json\/wp\/v2\/media\/621"}],"wp:attachment":[{"href":"https:\/\/sultanwearshop.com\/ca\/wp-json\/wp\/v2\/media?parent=668"}],"wp:term":[{"taxonomy":"marca","embeddable":true,"href":"https:\/\/sultanwearshop.com\/ca\/wp-json\/wp\/v2\/marca?post=668"},{"taxonomy":"product_brand","embeddable":true,"href":"https:\/\/sultanwearshop.com\/ca\/wp-json\/wp\/v2\/product_brand?post=668"},{"taxonomy":"product_cat","embeddable":true,"href":"https:\/\/sultanwearshop.com\/ca\/wp-json\/wp\/v2\/product_cat?post=668"},{"taxonomy":"product_tag","embeddable":true,"href":"https:\/\/sultanwearshop.com\/ca\/wp-json\/wp\/v2\/product_tag?post=668"}],"curies":[{"name":"wp","href":"https:\/\/api.w.org\/{rel}","templated":true}]}}